{"id":43,"date":"2025-01-25T18:38:09","date_gmt":"2025-01-25T17:38:09","guid":{"rendered":"https:\/\/www.dujardinsophie-dieteticienne.fr\/?page_id=43"},"modified":"2025-02-16T15:04:50","modified_gmt":"2025-02-16T14:04:50","slug":"contact","status":"publish","type":"page","link":"https:\/\/www.dujardinsophie-dieteticienne.fr\/index.php\/contact\/","title":{"rendered":"Contact"},"content":{"rendered":"\t\t<div data-elementor-type=\"wp-page\" data-elementor-id=\"43\" class=\"elementor elementor-43\" data-elementor-post-type=\"page\">\n\t\t\t\t<div class=\"elementor-element elementor-element-907aa17 e-con-full e-flex e-con e-parent\" data-id=\"907aa17\" data-element_type=\"container\" data-e-type=\"container\" data-settings=\"{&quot;background_background&quot;:&quot;classic&quot;}\">\n\t\t\t\t<div class=\"elementor-element elementor-element-20e42f9 elementor-widget elementor-widget-heading\" data-id=\"20e42f9\" data-element_type=\"widget\" data-e-type=\"widget\" data-widget_type=\"heading.default\">\n\t\t\t\t<div class=\"elementor-widget-container\">\n\t\t\t\t\t<h2 class=\"elementor-heading-title elementor-size-default\">Me contacter<\/h2>\t\t\t\t<\/div>\n\t\t\t\t<\/div>\n\t\t\t\t<\/div>\n\t\t<div class=\"elementor-element elementor-element-134e70b e-flex e-con-boxed e-con e-parent\" data-id=\"134e70b\" data-element_type=\"container\" data-e-type=\"container\" data-settings=\"{&quot;background_background&quot;:&quot;classic&quot;}\">\n\t\t\t\t\t<div class=\"e-con-inner\">\n\t\t<div class=\"elementor-element elementor-element-f711d10 e-con-full e-flex e-con e-child\" data-id=\"f711d10\" data-element_type=\"container\" data-e-type=\"container\">\n\t\t\t\t<div class=\"elementor-element elementor-element-354f489 elementor-widget elementor-widget-text-editor\" data-id=\"354f489\" data-element_type=\"widget\" data-e-type=\"widget\" data-widget_type=\"text-editor.default\">\n\t\t\t\t<div class=\"elementor-widget-container\">\n\t\t\t\t\t\t\t\t\t<p>T\u00e9l\u00e9phone : 06.99.04.25.27<\/p><p>Mail : dujardinsophie.diet@gmail.com<\/p>\t\t\t\t\t\t\t\t<\/div>\n\t\t\t\t<\/div>\n\t\t\t\t<\/div>\n\t\t<div class=\"elementor-element elementor-element-4112734 e-con-full e-flex e-con e-child\" data-id=\"4112734\" data-element_type=\"container\" data-e-type=\"container\">\n\t\t\t\t<div class=\"elementor-element elementor-element-63378e9 elementor-widget elementor-widget-formidable\" data-id=\"63378e9\" data-element_type=\"widget\" data-e-type=\"widget\" data-widget_type=\"formidable.default\">\n\t\t\t\t<div class=\"elementor-widget-container\">\n\t\t\t\t\t<div class=\"frm_forms  with_frm_style frm_style_style-formidable\" id=\"frm_form_2_container\" data-token=\"f2b9f18f2de4625fe36af5fc744598d3\">\n<form enctype=\"multipart\/form-data\" method=\"post\" class=\"frm-show-form \" id=\"form_formulaire-de-contact\" data-token=\"f2b9f18f2de4625fe36af5fc744598d3\">\n<div class=\"frm_form_fields \">\n<fieldset>\n<legend class=\"frm_screen_reader\">Formulaire de contact<\/legend>\r\n\r\n<div class=\"frm_fields_container\">\n<input type=\"hidden\" name=\"frm_action\" value=\"create\" \/>\n<input type=\"hidden\" name=\"form_id\" value=\"2\" \/>\n<input type=\"hidden\" name=\"frm_hide_fields_2\" id=\"frm_hide_fields_2\" value=\"\" \/>\n<input type=\"hidden\" name=\"form_key\" value=\"formulaire-de-contact\" \/>\n<input type=\"hidden\" name=\"item_meta[0]\" value=\"\" \/>\n<input type=\"hidden\" id=\"frm_submit_entry_2\" name=\"frm_submit_entry_2\" value=\"45b6831dc6\" \/><input type=\"hidden\" name=\"_wp_http_referer\" value=\"\/index.php\/wp-json\/wp\/v2\/pages\/43\" \/><div id=\"frm_field_7_container\" class=\"frm_form_field form-field  frm_required_field frm_top_container frm6 frm_first\">\r\n\t<label for=\"field_nw5gg\" id=\"field_nw5gg_label\" class=\"frm_primary_label\">NOM\r\n\t\t<span class=\"frm_required\" aria-hidden=\"true\">*<\/span>\r\n\t<\/label>\r\n\t<input type=\"text\" id=\"field_nw5gg\" name=\"item_meta[7]\" value=\"\"  placeholder=\"Indiquez votre nom\" data-reqmsg=\"NOM ne peut pas \u00eatre vide.\" aria-required=\"true\" data-invmsg=\"NOM est non valide\" aria-invalid=\"false\"  \/>\r\n\t\r\n\t\r\n<\/div>\n<div id=\"frm_field_8_container\" class=\"frm_form_field form-field  frm_required_field frm_top_container frm6\">\r\n\t<label for=\"field_fj8vx\" id=\"field_fj8vx_label\" class=\"frm_primary_label\">PRENOM\r\n\t\t<span class=\"frm_required\" aria-hidden=\"true\">*<\/span>\r\n\t<\/label>\r\n\t<input type=\"text\" id=\"field_fj8vx\" name=\"item_meta[8]\" value=\"\"  placeholder=\"Indiquez votre pr\u00e9nom\" data-reqmsg=\"PRENOM ne peut pas \u00eatre vide.\" aria-required=\"true\" data-invmsg=\"PRENOM est non valide\" aria-invalid=\"false\"  \/>\r\n\t\r\n\t\r\n<\/div>\n<div id=\"frm_field_9_container\" class=\"frm_form_field form-field  frm_required_field frm_top_container frm12 frm_first\">\r\n\t<label for=\"field_n45q9\" id=\"field_n45q9_label\" class=\"frm_primary_label\">EMAIL\r\n\t\t<span class=\"frm_required\" aria-hidden=\"true\">*<\/span>\r\n\t<\/label>\r\n\t<input type=\"email\" id=\"field_n45q9\" name=\"item_meta[9]\" value=\"\"  placeholder=\"Indiquez votre adresse mail\" data-reqmsg=\"EMAIL ne peut pas \u00eatre vide.\" aria-required=\"true\" data-invmsg=\"EMAIL est non valide\" aria-invalid=\"false\"  \/>\r\n\t\r\n\t\r\n<\/div>\n<div id=\"frm_field_10_container\" class=\"frm_form_field form-field  frm_required_field frm_top_container\">\r\n\t<label for=\"field_flb1k\" id=\"field_flb1k_label\" class=\"frm_primary_label\">MESSAGE\r\n\t\t<span class=\"frm_required\" aria-hidden=\"true\">*<\/span>\r\n\t<\/label>\r\n\t<input type=\"text\" id=\"field_flb1k\" name=\"item_meta[10]\" value=\"\"  placeholder=\"Ecrivez votre message\" data-reqmsg=\"MESSAGE ne peut pas \u00eatre vide.\" aria-required=\"true\" data-invmsg=\"MESSAGE est non valide\" aria-invalid=\"false\"  \/>\r\n\t\r\n\t\r\n<\/div>\n<div id=\"frm_field_6_container\" class=\"frm_form_field form-field \">\r\n\t<div class=\"frm_submit frm_flex\">\r\n<button class=\"frm_button_submit\" type=\"submit\"  >Envoyer<\/button>\r\n\r\n\r\n\r\n<\/div>\r\n<\/div>\n\t<input type=\"hidden\" name=\"item_key\" value=\"\" \/>\n\t\t\t<div id=\"frm_field_11_container\">\n\t\t\t<label for=\"field_dxcuf\" >\n\t\t\t\tSi vous \u00eates un humain, ne remplissez pas ce champ.\t\t\t<\/label>\n\t\t\t<input  id=\"field_dxcuf\" type=\"text\" class=\"frm_form_field form-field frm_verify\" name=\"item_meta[11]\" value=\"\"  \/>\n\t\t<\/div>\n\t\t<input name=\"frm_state\" type=\"hidden\" value=\"EEvscTJTd4aeHqLuMsChC16Gq7E6ReUoneVMBA0+fQ0=\" \/><\/div>\n<\/fieldset>\n<\/div>\n\n<\/form>\n<\/div>\n\t\t\t\t<\/div>\n\t\t\t\t<\/div>\n\t\t\t\t<\/div>\n\t\t\t\t\t<\/div>\n\t\t\t\t<\/div>\n\t\t<div class=\"elementor-element elementor-element-a7a1f38 e-flex e-con-boxed e-con e-parent\" data-id=\"a7a1f38\" data-element_type=\"container\" data-e-type=\"container\" data-settings=\"{&quot;background_background&quot;:&quot;classic&quot;}\">\n\t\t\t\t\t<div class=\"e-con-inner\">\n\t\t\t\t<div class=\"elementor-element elementor-element-e87a013 elementor-widget elementor-widget-text-editor\" data-id=\"e87a013\" data-element_type=\"widget\" data-e-type=\"widget\" data-widget_type=\"text-editor.default\">\n\t\t\t\t<div class=\"elementor-widget-container\">\n\t\t\t\t\t\t\t\t\t<p>Quel que soit le moyen de contact choisi, je m&rsquo;engage \u00e0 vous r\u00e9pondre sous 48h (hors week-end).<\/p>\t\t\t\t\t\t\t\t<\/div>\n\t\t\t\t<\/div>\n\t\t\t\t\t<\/div>\n\t\t\t\t<\/div>\n\t\t\t\t<\/div>\n\t\t","protected":false},"excerpt":{"rendered":"<p>Me contacter T\u00e9l\u00e9phone : 06.99.04.25.27 Mail : dujardinsophie.diet@gmail.com Formulaire de contact NOM * PRENOM * EMAIL * MESSAGE * Envoyer [&hellip;]<\/p>\n","protected":false},"author":1,"featured_media":0,"parent":0,"menu_order":0,"comment_status":"closed","ping_status":"closed","template":"","meta":{"site-sidebar-layout":"no-sidebar","site-content-layout":"","ast-site-content-layout":"full-width-container","site-content-style":"default","site-sidebar-style":"default","ast-global-header-display":"","ast-banner-title-visibility":"","ast-main-header-display":"","ast-hfb-above-header-display":"","ast-hfb-below-header-display":"","ast-hfb-mobile-header-display":"","site-post-title":"disabled","ast-breadcrumbs-content":"","ast-featured-img":"disabled","footer-sml-layout":"","ast-disable-related-posts":"","theme-transparent-header-meta":"","adv-header-id-meta":"","stick-header-meta":"","header-above-stick-meta":"","header-main-stick-meta":"","header-below-stick-meta":"","astra-migrate-meta-layouts":"default","ast-page-background-enabled":"default","ast-page-background-meta":{"desktop":{"background-color":"var(--ast-global-color-5)","background-image":"","background-repeat":"repeat","background-position":"center center","background-size":"auto","background-attachment":"scroll","background-type":"","background-media":"","overlay-type":"","overlay-color":"","overlay-opacity":"","overlay-gradient":""},"tablet":{"background-color":"","background-image":"","background-repeat":"repeat","background-position":"center center","background-size":"auto","background-attachment":"scroll","background-type":"","background-media":"","overlay-type":"","overlay-color":"","overlay-opacity":"","overlay-gradient":""},"mobile":{"background-color":"","background-image":"","background-repeat":"repeat","background-position":"center center","background-size":"auto","background-attachment":"scroll","background-type":"","background-media":"","overlay-type":"","overlay-color":"","overlay-opacity":"","overlay-gradient":""}},"ast-content-background-meta":{"desktop":{"background-color":"var(--ast-global-color-4)","background-image":"","background-repeat":"repeat","background-position":"center center","background-size":"auto","background-attachment":"scroll","background-type":"","background-media":"","overlay-type":"","overlay-color":"","overlay-opacity":"","overlay-gradient":""},"tablet":{"background-color":"var(--ast-global-color-4)","background-image":"","background-repeat":"repeat","background-position":"center center","background-size":"auto","background-attachment":"scroll","background-type":"","background-media":"","overlay-type":"","overlay-color":"","overlay-opacity":"","overlay-gradient":""},"mobile":{"background-color":"var(--ast-global-color-4)","background-image":"","background-repeat":"repeat","background-position":"center center","background-size":"auto","background-attachment":"scroll","background-type":"","background-media":"","overlay-type":"","overlay-color":"","overlay-opacity":"","overlay-gradient":""}},"footnotes":""},"class_list":["post-43","page","type-page","status-publish","hentry"],"yoast_head":"<!-- This site is optimized with the Yoast SEO plugin v27.4 - https:\/\/yoast.com\/product\/yoast-seo-wordpress\/ -->\n<title>Contact - Sophie DUJARDIN Di\u00e9t\u00e9ticienne en ligne<\/title>\n<meta name=\"description\" content=\"Di\u00e9t\u00e9ticienne sp\u00e9cialis\u00e9e en alimentation v\u00e9g\u00e9tale, vous pouvez me contacter par mail, t\u00e9l\u00e9phone ou gr\u00e2ce au formulaire ci dessous.\" \/>\n<meta name=\"robots\" content=\"index, follow, max-snippet:-1, max-image-preview:large, max-video-preview:-1\" \/>\n<link rel=\"canonical\" href=\"https:\/\/www.dujardinsophie-dieteticienne.fr\/index.php\/contact\/\" \/>\n<meta property=\"og:locale\" content=\"fr_FR\" \/>\n<meta property=\"og:type\" content=\"article\" \/>\n<meta property=\"og:title\" content=\"Contact - Sophie DUJARDIN Di\u00e9t\u00e9ticienne en ligne\" \/>\n<meta property=\"og:description\" content=\"Di\u00e9t\u00e9ticienne sp\u00e9cialis\u00e9e en alimentation v\u00e9g\u00e9tale, vous pouvez me contacter par mail, t\u00e9l\u00e9phone ou gr\u00e2ce au formulaire ci dessous.\" \/>\n<meta property=\"og:url\" content=\"https:\/\/www.dujardinsophie-dieteticienne.fr\/index.php\/contact\/\" \/>\n<meta property=\"article:publisher\" content=\"https:\/\/www.facebook.com\/profile.php?id=100074853602543&amp;locale=fr_FR\" \/>\n<meta property=\"article:modified_time\" content=\"2025-02-16T14:04:50+00:00\" \/>\n<meta name=\"twitter:card\" content=\"summary_large_image\" \/>\n<meta name=\"twitter:label1\" content=\"Dur\u00e9e de lecture estim\u00e9e\" \/>\n\t<meta name=\"twitter:data1\" content=\"1 minute\" \/>\n<script type=\"application\/ld+json\" class=\"yoast-schema-graph\">{\"@context\":\"https:\\\/\\\/schema.org\",\"@graph\":[{\"@type\":\"WebPage\",\"@id\":\"https:\\\/\\\/www.dujardinsophie-dieteticienne.fr\\\/index.php\\\/contact\\\/\",\"url\":\"https:\\\/\\\/www.dujardinsophie-dieteticienne.fr\\\/index.php\\\/contact\\\/\",\"name\":\"Contact - Sophie DUJARDIN Di\u00e9t\u00e9ticienne en ligne\",\"isPartOf\":{\"@id\":\"https:\\\/\\\/www.dujardinsophie-dieteticienne.fr\\\/#website\"},\"datePublished\":\"2025-01-25T17:38:09+00:00\",\"dateModified\":\"2025-02-16T14:04:50+00:00\",\"description\":\"Di\u00e9t\u00e9ticienne sp\u00e9cialis\u00e9e en alimentation v\u00e9g\u00e9tale, vous pouvez me contacter par mail, t\u00e9l\u00e9phone ou gr\u00e2ce au formulaire ci dessous.\",\"breadcrumb\":{\"@id\":\"https:\\\/\\\/www.dujardinsophie-dieteticienne.fr\\\/index.php\\\/contact\\\/#breadcrumb\"},\"inLanguage\":\"fr-FR\",\"potentialAction\":[{\"@type\":\"ReadAction\",\"target\":[\"https:\\\/\\\/www.dujardinsophie-dieteticienne.fr\\\/index.php\\\/contact\\\/\"]}]},{\"@type\":\"BreadcrumbList\",\"@id\":\"https:\\\/\\\/www.dujardinsophie-dieteticienne.fr\\\/index.php\\\/contact\\\/#breadcrumb\",\"itemListElement\":[{\"@type\":\"ListItem\",\"position\":1,\"name\":\"Accueil\",\"item\":\"https:\\\/\\\/www.dujardinsophie-dieteticienne.fr\\\/\"},{\"@type\":\"ListItem\",\"position\":2,\"name\":\"Contact\"}]},{\"@type\":\"WebSite\",\"@id\":\"https:\\\/\\\/www.dujardinsophie-dieteticienne.fr\\\/#website\",\"url\":\"https:\\\/\\\/www.dujardinsophie-dieteticienne.fr\\\/\",\"name\":\"Sophie DUJARDIN Di\u00e9t\u00e9ticienne-Nutritionniste\",\"description\":\"\",\"publisher\":{\"@id\":\"https:\\\/\\\/www.dujardinsophie-dieteticienne.fr\\\/#organization\"},\"potentialAction\":[{\"@type\":\"SearchAction\",\"target\":{\"@type\":\"EntryPoint\",\"urlTemplate\":\"https:\\\/\\\/www.dujardinsophie-dieteticienne.fr\\\/?s={search_term_string}\"},\"query-input\":{\"@type\":\"PropertyValueSpecification\",\"valueRequired\":true,\"valueName\":\"search_term_string\"}}],\"inLanguage\":\"fr-FR\"},{\"@type\":\"Organization\",\"@id\":\"https:\\\/\\\/www.dujardinsophie-dieteticienne.fr\\\/#organization\",\"name\":\"Sophie DUJARDIN Di\u00e9t\u00e9ticienne-Nutritionniste\",\"url\":\"https:\\\/\\\/www.dujardinsophie-dieteticienne.fr\\\/\",\"logo\":{\"@type\":\"ImageObject\",\"inLanguage\":\"fr-FR\",\"@id\":\"https:\\\/\\\/www.dujardinsophie-dieteticienne.fr\\\/#\\\/schema\\\/logo\\\/image\\\/\",\"url\":\"https:\\\/\\\/www.dujardinsophie-dieteticienne.fr\\\/wp-content\\\/uploads\\\/2026\\\/03\\\/cropped-cropped-Logo2.png\",\"contentUrl\":\"https:\\\/\\\/www.dujardinsophie-dieteticienne.fr\\\/wp-content\\\/uploads\\\/2026\\\/03\\\/cropped-cropped-Logo2.png\",\"width\":435,\"height\":431,\"caption\":\"Sophie DUJARDIN Di\u00e9t\u00e9ticienne-Nutritionniste\"},\"image\":{\"@id\":\"https:\\\/\\\/www.dujardinsophie-dieteticienne.fr\\\/#\\\/schema\\\/logo\\\/image\\\/\"},\"sameAs\":[\"https:\\\/\\\/www.facebook.com\\\/profile.php?id=100074853602543&locale=fr_FR\",\"https:\\\/\\\/www.instagram.com\\\/sophie.dietvegan\\\/\"]}]}<\/script>\n<!-- \/ Yoast SEO plugin. -->","yoast_head_json":{"title":"Contact - Sophie DUJARDIN Di\u00e9t\u00e9ticienne en ligne","description":"Di\u00e9t\u00e9ticienne sp\u00e9cialis\u00e9e en alimentation v\u00e9g\u00e9tale, vous pouvez me contacter par mail, t\u00e9l\u00e9phone ou gr\u00e2ce au formulaire ci dessous.","robots":{"index":"index","follow":"follow","max-snippet":"max-snippet:-1","max-image-preview":"max-image-preview:large","max-video-preview":"max-video-preview:-1"},"canonical":"https:\/\/www.dujardinsophie-dieteticienne.fr\/index.php\/contact\/","og_locale":"fr_FR","og_type":"article","og_title":"Contact - Sophie DUJARDIN Di\u00e9t\u00e9ticienne en ligne","og_description":"Di\u00e9t\u00e9ticienne sp\u00e9cialis\u00e9e en alimentation v\u00e9g\u00e9tale, vous pouvez me contacter par mail, t\u00e9l\u00e9phone ou gr\u00e2ce au formulaire ci dessous.","og_url":"https:\/\/www.dujardinsophie-dieteticienne.fr\/index.php\/contact\/","article_publisher":"https:\/\/www.facebook.com\/profile.php?id=100074853602543&locale=fr_FR","article_modified_time":"2025-02-16T14:04:50+00:00","twitter_card":"summary_large_image","twitter_misc":{"Dur\u00e9e de lecture estim\u00e9e":"1 minute"},"schema":{"@context":"https:\/\/schema.org","@graph":[{"@type":"WebPage","@id":"https:\/\/www.dujardinsophie-dieteticienne.fr\/index.php\/contact\/","url":"https:\/\/www.dujardinsophie-dieteticienne.fr\/index.php\/contact\/","name":"Contact - Sophie DUJARDIN Di\u00e9t\u00e9ticienne en ligne","isPartOf":{"@id":"https:\/\/www.dujardinsophie-dieteticienne.fr\/#website"},"datePublished":"2025-01-25T17:38:09+00:00","dateModified":"2025-02-16T14:04:50+00:00","description":"Di\u00e9t\u00e9ticienne sp\u00e9cialis\u00e9e en alimentation v\u00e9g\u00e9tale, vous pouvez me contacter par mail, t\u00e9l\u00e9phone ou gr\u00e2ce au formulaire ci dessous.","breadcrumb":{"@id":"https:\/\/www.dujardinsophie-dieteticienne.fr\/index.php\/contact\/#breadcrumb"},"inLanguage":"fr-FR","potentialAction":[{"@type":"ReadAction","target":["https:\/\/www.dujardinsophie-dieteticienne.fr\/index.php\/contact\/"]}]},{"@type":"BreadcrumbList","@id":"https:\/\/www.dujardinsophie-dieteticienne.fr\/index.php\/contact\/#breadcrumb","itemListElement":[{"@type":"ListItem","position":1,"name":"Accueil","item":"https:\/\/www.dujardinsophie-dieteticienne.fr\/"},{"@type":"ListItem","position":2,"name":"Contact"}]},{"@type":"WebSite","@id":"https:\/\/www.dujardinsophie-dieteticienne.fr\/#website","url":"https:\/\/www.dujardinsophie-dieteticienne.fr\/","name":"Sophie DUJARDIN Di\u00e9t\u00e9ticienne-Nutritionniste","description":"","publisher":{"@id":"https:\/\/www.dujardinsophie-dieteticienne.fr\/#organization"},"potentialAction":[{"@type":"SearchAction","target":{"@type":"EntryPoint","urlTemplate":"https:\/\/www.dujardinsophie-dieteticienne.fr\/?s={search_term_string}"},"query-input":{"@type":"PropertyValueSpecification","valueRequired":true,"valueName":"search_term_string"}}],"inLanguage":"fr-FR"},{"@type":"Organization","@id":"https:\/\/www.dujardinsophie-dieteticienne.fr\/#organization","name":"Sophie DUJARDIN Di\u00e9t\u00e9ticienne-Nutritionniste","url":"https:\/\/www.dujardinsophie-dieteticienne.fr\/","logo":{"@type":"ImageObject","inLanguage":"fr-FR","@id":"https:\/\/www.dujardinsophie-dieteticienne.fr\/#\/schema\/logo\/image\/","url":"https:\/\/www.dujardinsophie-dieteticienne.fr\/wp-content\/uploads\/2026\/03\/cropped-cropped-Logo2.png","contentUrl":"https:\/\/www.dujardinsophie-dieteticienne.fr\/wp-content\/uploads\/2026\/03\/cropped-cropped-Logo2.png","width":435,"height":431,"caption":"Sophie DUJARDIN Di\u00e9t\u00e9ticienne-Nutritionniste"},"image":{"@id":"https:\/\/www.dujardinsophie-dieteticienne.fr\/#\/schema\/logo\/image\/"},"sameAs":["https:\/\/www.facebook.com\/profile.php?id=100074853602543&locale=fr_FR","https:\/\/www.instagram.com\/sophie.dietvegan\/"]}]}},"_links":{"self":[{"href":"https:\/\/www.dujardinsophie-dieteticienne.fr\/index.php\/wp-json\/wp\/v2\/pages\/43","targetHints":{"allow":["GET"]}}],"collection":[{"href":"https:\/\/www.dujardinsophie-dieteticienne.fr\/index.php\/wp-json\/wp\/v2\/pages"}],"about":[{"href":"https:\/\/www.dujardinsophie-dieteticienne.fr\/index.php\/wp-json\/wp\/v2\/types\/page"}],"author":[{"embeddable":true,"href":"https:\/\/www.dujardinsophie-dieteticienne.fr\/index.php\/wp-json\/wp\/v2\/users\/1"}],"replies":[{"embeddable":true,"href":"https:\/\/www.dujardinsophie-dieteticienne.fr\/index.php\/wp-json\/wp\/v2\/comments?post=43"}],"version-history":[{"count":19,"href":"https:\/\/www.dujardinsophie-dieteticienne.fr\/index.php\/wp-json\/wp\/v2\/pages\/43\/revisions"}],"predecessor-version":[{"id":774,"href":"https:\/\/www.dujardinsophie-dieteticienne.fr\/index.php\/wp-json\/wp\/v2\/pages\/43\/revisions\/774"}],"wp:attachment":[{"href":"https:\/\/www.dujardinsophie-dieteticienne.fr\/index.php\/wp-json\/wp\/v2\/media?parent=43"}],"curies":[{"name":"wp","href":"https:\/\/api.w.org\/{rel}","templated":true}]}}